{"id":115,"date":"2025-07-30T15:51:41","date_gmt":"2025-07-30T15:51:41","guid":{"rendered":"https:\/\/elvagonbejar.com\/albergue\/?page_id=115"},"modified":"2026-01-22T19:03:59","modified_gmt":"2026-01-22T19:03:59","slug":"nuestra-esencia","status":"publish","type":"page","link":"https:\/\/elvagonbejar.com\/albergue\/index.php\/nuestra-esencia\/","title":{"rendered":"Nuestra esencia"},"content":{"rendered":"\t\t<div data-elementor-type=\"wp-page\" data-elementor-id=\"115\" class=\"elementor elementor-115\">\n\t\t\t\t<div class=\"elementor-element elementor-element-566ec63 e-con-full e-flex e-con e-parent\" data-id=\"566ec63\" data-element_type=\"container\" data-settings=\"{&quot;background_background&quot;:&quot;classic&quot;}\">\n\t\t<div class=\"elementor-element elementor-element-5bd7f66 e-con-full e-flex e-con e-child\" data-id=\"5bd7f66\" data-element_type=\"container\">\n\t\t<div class=\"elementor-element elementor-element-407cf04 e-con-full e-flex e-con e-child\" data-id=\"407cf04\" data-element_type=\"container\" data-settings=\"{&quot;background_background&quot;:&quot;classic&quot;}\">\n\t\t\t\t<div class=\"elementor-element elementor-element-8406df3 elementor-invisible elementor-widget elementor-widget-heading\" data-id=\"8406df3\" data-element_type=\"widget\" data-settings=\"{&quot;_animation&quot;:&quot;fadeInUp&quot;}\" data-widget_type=\"heading.default\">\n\t\t\t\t<div class=\"elementor-widget-container\">\n\t\t\t\t\t<h2 class=\"elementor-heading-title elementor-size-default\">Nuestra esencia<\/h2>\t\t\t\t<\/div>\n\t\t\t\t<\/div>\n\t\t\t\t<\/div>\n\t\t\t\t<\/div>\n\t\t\t\t<\/div>\n\t\t<div class=\"elementor-element elementor-element-780a277 e-con-full e-flex e-con e-parent\" data-id=\"780a277\" data-element_type=\"container\">\n\t\t<div class=\"elementor-element elementor-element-ddfe7b3 e-con-full e-flex e-con e-child\" data-id=\"ddfe7b3\" data-element_type=\"container\" data-settings=\"{&quot;background_background&quot;:&quot;classic&quot;}\">\n\t\t\t\t<div class=\"elementor-element elementor-element-fbb9f23 elementor-invisible elementor-widget elementor-widget-heading\" data-id=\"fbb9f23\" data-element_type=\"widget\" data-settings=\"{&quot;_animation&quot;:&quot;fadeInUp&quot;}\" data-widget_type=\"heading.default\">\n\t\t\t\t<div class=\"elementor-widget-container\">\n\t\t\t\t\t<h1 class=\"elementor-heading-title elementor-size-default\">Un albergue con alma de estaci\u00f3n<\/h1>\t\t\t\t<\/div>\n\t\t\t\t<\/div>\n\t\t\t\t<div class=\"elementor-element elementor-element-8677e54 elementor-invisible elementor-widget elementor-widget-text-editor\" data-id=\"8677e54\" data-element_type=\"widget\" data-settings=\"{&quot;_animation&quot;:&quot;fadeInUp&quot;}\" data-widget_type=\"text-editor.default\">\n\t\t\t\t<div class=\"elementor-widget-container\">\n\t\t\t\t\t\t\t\t\t<p>En El Vag\u00f3n todo empieza con un viaje&#8230; o con la memoria de uno.<\/p><p>Ubicado en la antigua estaci\u00f3n de tren de B\u00e9jar nuestro albergue recupera el esp\u00edritu de esos lugares donde la gente se encontraba, se desped\u00eda o comenzaba nuevas aventuras. Hoy, ese mismo and\u00e9n acoge viajeros, experiencias y sobremesas con vistas.<\/p><p>Un edificio cargado de historia en el coraz\u00f3n de la Ruta de la Plata, que ahora es un espacio vivo y acogedor al pie de la v\u00eda verde, donde locales y viajeros se sienten como en casa.<\/p><p>Aqu\u00ed, el tiempo no pasa: se saborea.<\/p>\t\t\t\t\t\t\t\t<\/div>\n\t\t\t\t<\/div>\n\t\t\t\t<\/div>\n\t\t\t\t<\/div>\n\t\t<div class=\"elementor-element elementor-element-98f6876 e-con-full e-flex e-con e-parent\" data-id=\"98f6876\" data-element_type=\"container\">\n\t\t<div class=\"elementor-element elementor-element-d1c47c7 e-con-full e-flex e-con e-child\" data-id=\"d1c47c7\" data-element_type=\"container\" data-settings=\"{&quot;background_background&quot;:&quot;classic&quot;}\">\n\t\t\t\t<div class=\"elementor-element elementor-element-ebab869 elementor-invisible elementor-widget elementor-widget-heading\" data-id=\"ebab869\" data-element_type=\"widget\" data-settings=\"{&quot;_animation&quot;:&quot;fadeInUp&quot;}\" data-widget_type=\"heading.default\">\n\t\t\t\t<div class=\"elementor-widget-container\">\n\t\t\t\t\t<h2 class=\"elementor-heading-title elementor-size-default\">Ven a descansar al atardecer, a compartir historias con otros viajeros o a empezar el d\u00eda con un desayuno frente a la muralla.\nDisfruta del entorno, de la tranquilidad\u2026 y de los momentos que surgen en el camino.\nPorque El Vag\u00f3n no es solo un albergue. Es una parada que inspira.<\/h2>\t\t\t\t<\/div>\n\t\t\t\t<\/div>\n\t\t\t\t<div class=\"elementor-element elementor-element-738c489 elementor-widget-divider--view-line_icon elementor-view-default elementor-widget-divider--element-align-center elementor-invisible elementor-widget elementor-widget-divider\" data-id=\"738c489\" data-element_type=\"widget\" data-settings=\"{&quot;_animation&quot;:&quot;fadeInUp&quot;}\" data-widget_type=\"divider.default\">\n\t\t\t\t<div class=\"elementor-widget-container\">\n\t\t\t\t\t\t\t<div class=\"elementor-divider\">\n\t\t\t<span class=\"elementor-divider-separator\">\n\t\t\t\t\t\t\t<div class=\"elementor-icon elementor-divider__element\">\n\t\t\t\t\t<svg aria-hidden=\"true\" class=\"e-font-icon-svg e-fas-bed\" viewBox=\"0 0 640 512\" xmlns=\"http:\/\/www.w3.org\/2000\/svg\"><path d=\"M176 256c44.11 0 80-35.89 80-80s-35.89-80-80-80-80 35.89-80 80 35.89 80 80 80zm352-128H304c-8.84 0-16 7.16-16 16v144H64V80c0-8.84-7.16-16-16-16H16C7.16 64 0 71.16 0 80v352c0 8.84 7.16 16 16 16h32c8.84 0 16-7.16 16-16v-48h512v48c0 8.84 7.16 16 16 16h32c8.84 0 16-7.16 16-16V240c0-61.86-50.14-112-112-112z\"><\/path><\/svg><\/div>\n\t\t\t\t\t\t<\/span>\n\t\t<\/div>\n\t\t\t\t\t\t<\/div>\n\t\t\t\t<\/div>\n\t\t<div class=\"elementor-element elementor-element-52e74d9 e-con-full e-flex e-con e-child\" data-id=\"52e74d9\" data-element_type=\"container\">\n\t\t<div class=\"elementor-element elementor-element-b790f52 e-flex e-con-boxed elementor-invisible e-con e-child\" data-id=\"b790f52\" data-element_type=\"container\" data-settings=\"{&quot;background_background&quot;:&quot;classic&quot;,&quot;animation&quot;:&quot;fadeInUp&quot;}\">\n\t\t\t\t\t<div class=\"e-con-inner\">\n\t\t\t\t<div class=\"elementor-element elementor-element-e5afb00 elementor-widget elementor-widget-heading\" data-id=\"e5afb00\" data-element_type=\"widget\" data-widget_type=\"heading.default\">\n\t\t\t\t<div class=\"elementor-widget-container\">\n\t\t\t\t\t<h4 class=\"elementor-heading-title elementor-size-default\"><a href=\"#\">Atardeceres<\/a><\/h4>\t\t\t\t<\/div>\n\t\t\t\t<\/div>\n\t\t\t\t\t<\/div>\n\t\t\t\t<\/div>\n\t\t<div class=\"elementor-element elementor-element-5690420 e-flex e-con-boxed elementor-invisible e-con e-child\" data-id=\"5690420\" data-element_type=\"container\" data-settings=\"{&quot;background_background&quot;:&quot;classic&quot;,&quot;animation&quot;:&quot;fadeInUp&quot;,&quot;animation_delay&quot;:250}\">\n\t\t\t\t\t<div class=\"e-con-inner\">\n\t\t\t\t<div class=\"elementor-element elementor-element-170b574 elementor-widget elementor-widget-heading\" data-id=\"170b574\" data-element_type=\"widget\" data-widget_type=\"heading.default\">\n\t\t\t\t<div class=\"elementor-widget-container\">\n\t\t\t\t\t<h4 class=\"elementor-heading-title elementor-size-default\"><a href=\"#\">Bar<\/a><\/h4>\t\t\t\t<\/div>\n\t\t\t\t<\/div>\n\t\t\t\t\t<\/div>\n\t\t\t\t<\/div>\n\t\t<div class=\"elementor-element elementor-element-b8c5eff e-flex e-con-boxed elementor-invisible e-con e-child\" data-id=\"b8c5eff\" data-element_type=\"container\" data-settings=\"{&quot;background_background&quot;:&quot;classic&quot;,&quot;animation&quot;:&quot;fadeInUp&quot;,&quot;animation_delay&quot;:500}\">\n\t\t\t\t\t<div class=\"e-con-inner\">\n\t\t\t\t<div class=\"elementor-element elementor-element-c3efe8d elementor-widget elementor-widget-heading\" data-id=\"c3efe8d\" data-element_type=\"widget\" data-widget_type=\"heading.default\">\n\t\t\t\t<div class=\"elementor-widget-container\">\n\t\t\t\t\t<h4 class=\"elementor-heading-title elementor-size-default\"><a href=\"#\">Buen ambiente<\/a><\/h4>\t\t\t\t<\/div>\n\t\t\t\t<\/div>\n\t\t\t\t\t<\/div>\n\t\t\t\t<\/div>\n\t\t\t\t<\/div>\n\t\t\t\t<\/div>\n\t\t\t\t<\/div>\n\t\t<div class=\"elementor-element elementor-element-66a1bd6 e-con-full e-flex e-con e-parent\" data-id=\"66a1bd6\" data-element_type=\"container\">\n\t\t<footer class=\"elementor-element elementor-element-d94e947 e-con-full e-flex e-con e-child\" data-id=\"d94e947\" data-element_type=\"container\">\n\t\t<div class=\"elementor-element elementor-element-730cd45 e-con-full e-flex e-con e-child\" data-id=\"730cd45\" data-element_type=\"container\">\n\t\t\t\t<\/div>\n\t\t<div class=\"elementor-element elementor-element-3dc8f52 e-con-full e-flex e-con e-child\" data-id=\"3dc8f52\" data-element_type=\"container\">\n\t\t\t\t<div class=\"elementor-element elementor-element-df2bf47 elementor-icon-list--layout-inline elementor-tablet-align-center elementor-align-center elementor-list-item-link-full_width elementor-widget elementor-widget-icon-list\" data-id=\"df2bf47\" data-element_type=\"widget\" data-widget_type=\"icon-list.default\">\n\t\t\t\t<div class=\"elementor-widget-container\">\n\t\t\t\t\t\t\t<ul class=\"elementor-icon-list-items elementor-inline-items\">\n\t\t\t\t\t\t\t<li class=\"elementor-icon-list-item elementor-inline-item\">\n\t\t\t\t\t\t\t\t\t\t<span class=\"elementor-icon-list-text\">613 54 93 78 <\/span>\n\t\t\t\t\t\t\t\t\t<\/li>\n\t\t\t\t\t\t\t\t<li class=\"elementor-icon-list-item elementor-inline-item\">\n\t\t\t\t\t\t\t\t\t\t<span class=\"elementor-icon-list-text\">info@elvagonbejar.com<\/span>\n\t\t\t\t\t\t\t\t\t<\/li>\n\t\t\t\t\t\t\t\t<li class=\"elementor-icon-list-item elementor-inline-item\">\n\t\t\t\t\t\t\t\t\t\t<span class=\"elementor-icon-list-text\">C\/ Ctra. de Salamanca, 92, B\u00e9jar<\/span>\n\t\t\t\t\t\t\t\t\t<\/li>\n\t\t\t\t\t\t<\/ul>\n\t\t\t\t\t\t<\/div>\n\t\t\t\t<\/div>\n\t\t\t\t<\/div>\n\t\t<div class=\"elementor-element elementor-element-d15b0e6 e-con-full e-flex e-con e-child\" data-id=\"d15b0e6\" data-element_type=\"container\">\n\t\t\t\t<div class=\"elementor-element elementor-element-23d9aa5 e-grid-align-right e-grid-align-tablet-right e-grid-align-mobile-center elementor-widget-mobile__width-inherit elementor-shape-rounded elementor-grid-0 elementor-widget elementor-widget-social-icons\" data-id=\"23d9aa5\" data-element_type=\"widget\" data-widget_type=\"social-icons.default\">\n\t\t\t\t<div class=\"elementor-widget-container\">\n\t\t\t\t\t\t\t<div class=\"elementor-social-icons-wrapper elementor-grid\" role=\"list\">\n\t\t\t\t\t\t\t<span class=\"elementor-grid-item\" role=\"listitem\">\n\t\t\t\t\t<a class=\"elementor-icon elementor-social-icon elementor-social-icon-facebook-f elementor-repeater-item-3f1b7ac\" href=\"https:\/\/www.facebook.com\/profile.php?id=61578357622001\" target=\"_blank\">\n\t\t\t\t\t\t<span class=\"elementor-screen-only\">Facebook-f<\/span>\n\t\t\t\t\t\t<svg class=\"e-font-icon-svg e-fab-facebook-f\" viewBox=\"0 0 320 512\" xmlns=\"http:\/\/www.w3.org\/2000\/svg\"><path d=\"M279.14 288l14.22-92.66h-88.91v-60.13c0-25.35 12.42-50.06 52.24-50.06h40.42V6.26S260.43 0 225.36 0c-73.22 0-121.08 44.38-121.08 124.72v70.62H22.89V288h81.39v224h100.17V288z\"><\/path><\/svg>\t\t\t\t\t<\/a>\n\t\t\t\t<\/span>\n\t\t\t\t\t\t\t<span class=\"elementor-grid-item\" role=\"listitem\">\n\t\t\t\t\t<a class=\"elementor-icon elementor-social-icon elementor-social-icon- elementor-repeater-item-5c0ce3c\" href=\"https:\/\/www.instagram.com\/elvagonbejar\/\" target=\"_blank\">\n\t\t\t\t\t\t<span class=\"elementor-screen-only\"><\/span>\n\t\t\t\t\t\t<svg xmlns=\"http:\/\/www.w3.org\/2000\/svg\" id=\"aaf4d88f-6908-42b9-b3d6-5d6a3ec06a43\" data-name=\"Layer 1\" width=\"27\" height=\"26\" viewBox=\"0 0 27 26\"><path d=\"M26.9922,13.12c0-1.952.0071-3.904-.0054-5.856a7.4912,7.4912,0,0,0-.12-1.3338,6.9762,6.9762,0,0,0-2.4989-4.1911,7.3149,7.3149,0,0,0-4.73-1.7279c-4.031-.02-8.0623-.0061-12.0935-.0071a7.347,7.347,0,0,0-3.6653.907,6.9367,6.9367,0,0,0-3.85,6.2265C-.025,11.0332.0121,14.93.0169,18.8272a6.5069,6.5069,0,0,0,.8908,3.3475A7.2785,7.2785,0,0,0,7.419,25.9708c4.0565.0558,8.1145.0148,12.1719.0131a7.6378,7.6378,0,0,0,4.9015-1.8408,6.9218,6.9218,0,0,0,2.4928-5.276C27.0143,16.9517,26.9915,15.0354,26.9922,13.12ZM13.4174,20.21a7.3625,7.3625,0,0,1-7.4061-7.2182,7.3505,7.3505,0,0,1,7.4992-7.2115,7.3516,7.3516,0,0,1,7.4852,7.2146A7.37,7.37,0,0,1,13.4174,20.21ZM22.4962,5.7791a1.48,1.48,0,0,1-1.5005-1.4476,1.5014,1.5014,0,0,1,3-.0009A1.481,1.481,0,0,1,22.4962,5.7791Z\" transform=\"translate(0 0)\" style=\"fill-rule:evenodd\"><\/path><path d=\"M13.4969,8.3571a4.7331,4.7331,0,0,0-4.8183,4.6445,4.74,4.74,0,0,0,4.8241,4.6413,4.74,4.74,0,0,0,4.8187-4.6466A4.7342,4.7342,0,0,0,13.4969,8.3571Z\" transform=\"translate(0 0)\" style=\"fill-rule:evenodd\"><\/path><\/svg>\t\t\t\t\t<\/a>\n\t\t\t\t<\/span>\n\t\t\t\t\t\t\t<span class=\"elementor-grid-item\" role=\"listitem\">\n\t\t\t\t\t<a class=\"elementor-icon elementor-social-icon elementor-social-icon-twitter elementor-repeater-item-828f132\" href=\"https:\/\/x.com\/elvagonbejar\" target=\"_blank\">\n\t\t\t\t\t\t<span class=\"elementor-screen-only\">Twitter<\/span>\n\t\t\t\t\t\t<svg class=\"e-font-icon-svg e-fab-twitter\" viewBox=\"0 0 512 512\" xmlns=\"http:\/\/www.w3.org\/2000\/svg\"><path d=\"M459.37 151.716c.325 4.548.325 9.097.325 13.645 0 138.72-105.583 298.558-298.558 298.558-59.452 0-114.68-17.219-161.137-47.106 8.447.974 16.568 1.299 25.34 1.299 49.055 0 94.213-16.568 130.274-44.832-46.132-.975-84.792-31.188-98.112-72.772 6.498.974 12.995 1.624 19.818 1.624 9.421 0 18.843-1.3 27.614-3.573-48.081-9.747-84.143-51.98-84.143-102.985v-1.299c13.969 7.797 30.214 12.67 47.431 13.319-28.264-18.843-46.781-51.005-46.781-87.391 0-19.492 5.197-37.36 14.294-52.954 51.655 63.675 129.3 105.258 216.365 109.807-1.624-7.797-2.599-15.918-2.599-24.04 0-57.828 46.782-104.934 104.934-104.934 30.213 0 57.502 12.67 76.67 33.137 23.715-4.548 46.456-13.32 66.599-25.34-7.798 24.366-24.366 44.833-46.132 57.827 21.117-2.273 41.584-8.122 60.426-16.243-14.292 20.791-32.161 39.308-52.628 54.253z\"><\/path><\/svg>\t\t\t\t\t<\/a>\n\t\t\t\t<\/span>\n\t\t\t\t\t<\/div>\n\t\t\t\t\t\t<\/div>\n\t\t\t\t<\/div>\n\t\t\t\t<\/div>\n\t\t\t\t<\/footer>\n\t\t<div class=\"elementor-element elementor-element-530e555 e-con-full e-flex e-con e-child\" data-id=\"530e555\" data-element_type=\"container\" data-settings=\"{&quot;background_background&quot;:&quot;classic&quot;}\">\n\t\t<div class=\"elementor-element elementor-element-a14e326 e-con-full e-flex e-con e-child\" data-id=\"a14e326\" data-element_type=\"container\">\n\t\t<div class=\"elementor-element elementor-element-3b799b9 e-con-full e-flex e-con e-child\" data-id=\"3b799b9\" data-element_type=\"container\" data-settings=\"{&quot;background_background&quot;:&quot;classic&quot;}\">\n\t\t\t\t<div class=\"elementor-element elementor-element-11230d1 elementor-widget elementor-widget-heading\" data-id=\"11230d1\" data-element_type=\"widget\" data-widget_type=\"heading.default\">\n\t\t\t\t<div class=\"elementor-widget-container\">\n\t\t\t\t\t<p class=\"elementor-heading-title elementor-size-default\"><a href=\"https:\/\/elvagonbejar.com\/albergue\/index.php\/politica-de-privacidad\/\"><b>\u00a9 Todos los derechos reservados | Consulta nuestra Pol\u00edtica de Privacidad<\/b><\/a><\/p>\t\t\t\t<\/div>\n\t\t\t\t<\/div>\n\t\t\t\t<\/div>\n\t\t\t\t<\/div>\n\t\t\t\t<\/div>\n\t\t\t\t<\/div>\n\t\t\t\t<\/div>\n\t\t","protected":false},"excerpt":{"rendered":"<p>Nuestra esencia Un albergue con alma de estaci\u00f3n En El Vag\u00f3n todo empieza con un viaje&#8230; o con la memoria de uno. Ubicado en la antigua estaci\u00f3n de tren de B\u00e9jar nuestro albergue recupera el esp\u00edritu de esos lugares donde la gente se encontraba, se desped\u00eda o comenzaba nuevas aventuras. Hoy, ese mismo and\u00e9n acoge [&hellip;]<\/p>\n","protected":false},"author":1,"featured_media":0,"parent":0,"menu_order":0,"comment_status":"closed","ping_status":"closed","template":"","meta":{"footnotes":""},"class_list":["post-115","page","type-page","status-publish","hentry"],"yoast_head":"<!-- This site is optimized with the Yoast SEO plugin v25.7 - https:\/\/yoast.com\/wordpress\/plugins\/seo\/ -->\n<title>Nuestra esencia - El Vag\u00f3n Albergue<\/title>\n<meta name=\"robots\" content=\"index, follow, max-snippet:-1, max-image-preview:large, max-video-preview:-1\" \/>\n<link rel=\"canonical\" href=\"https:\/\/elvagonbejar.com\/albergue\/index.php\/nuestra-esencia\/\" \/>\n<meta property=\"og:locale\" content=\"es_ES\" \/>\n<meta property=\"og:type\" content=\"article\" \/>\n<meta property=\"og:title\" content=\"Nuestra esencia - El Vag\u00f3n Albergue\" \/>\n<meta property=\"og:description\" content=\"Nuestra esencia Un albergue con alma de estaci\u00f3n En El Vag\u00f3n todo empieza con un viaje&#8230; o con la memoria de uno. Ubicado en la antigua estaci\u00f3n de tren de B\u00e9jar nuestro albergue recupera el esp\u00edritu de esos lugares donde la gente se encontraba, se desped\u00eda o comenzaba nuevas aventuras. Hoy, ese mismo and\u00e9n acoge [&hellip;]\" \/>\n<meta property=\"og:url\" content=\"https:\/\/elvagonbejar.com\/albergue\/index.php\/nuestra-esencia\/\" \/>\n<meta property=\"og:site_name\" content=\"El Vag\u00f3n Albergue\" \/>\n<meta property=\"article:modified_time\" content=\"2026-01-22T19:03:59+00:00\" \/>\n<meta name=\"twitter:card\" content=\"summary_large_image\" \/>\n<meta name=\"twitter:label1\" content=\"Tiempo de lectura\" \/>\n\t<meta name=\"twitter:data1\" content=\"1 minuto\" \/>\n<script type=\"application\/ld+json\" class=\"yoast-schema-graph\">{\"@context\":\"https:\/\/schema.org\",\"@graph\":[{\"@type\":\"WebPage\",\"@id\":\"https:\/\/elvagonbejar.com\/albergue\/index.php\/nuestra-esencia\/\",\"url\":\"https:\/\/elvagonbejar.com\/albergue\/index.php\/nuestra-esencia\/\",\"name\":\"Nuestra esencia - El Vag\u00f3n Albergue\",\"isPartOf\":{\"@id\":\"https:\/\/elvagonbejar.com\/albergue\/#website\"},\"datePublished\":\"2025-07-30T15:51:41+00:00\",\"dateModified\":\"2026-01-22T19:03:59+00:00\",\"breadcrumb\":{\"@id\":\"https:\/\/elvagonbejar.com\/albergue\/index.php\/nuestra-esencia\/#breadcrumb\"},\"inLanguage\":\"es\",\"potentialAction\":[{\"@type\":\"ReadAction\",\"target\":[\"https:\/\/elvagonbejar.com\/albergue\/index.php\/nuestra-esencia\/\"]}]},{\"@type\":\"BreadcrumbList\",\"@id\":\"https:\/\/elvagonbejar.com\/albergue\/index.php\/nuestra-esencia\/#breadcrumb\",\"itemListElement\":[{\"@type\":\"ListItem\",\"position\":1,\"name\":\"Portada\",\"item\":\"https:\/\/elvagonbejar.com\/albergue\/\"},{\"@type\":\"ListItem\",\"position\":2,\"name\":\"Nuestra esencia\"}]},{\"@type\":\"WebSite\",\"@id\":\"https:\/\/elvagonbejar.com\/albergue\/#website\",\"url\":\"https:\/\/elvagonbejar.com\/albergue\/\",\"name\":\"El Vag\u00f3n Albergue\",\"description\":\"\",\"publisher\":{\"@id\":\"https:\/\/elvagonbejar.com\/albergue\/#organization\"},\"potentialAction\":[{\"@type\":\"SearchAction\",\"target\":{\"@type\":\"EntryPoint\",\"urlTemplate\":\"https:\/\/elvagonbejar.com\/albergue\/?s={search_term_string}\"},\"query-input\":{\"@type\":\"PropertyValueSpecification\",\"valueRequired\":true,\"valueName\":\"search_term_string\"}}],\"inLanguage\":\"es\"},{\"@type\":\"Organization\",\"@id\":\"https:\/\/elvagonbejar.com\/albergue\/#organization\",\"name\":\"El Vag\u00f3n Albergue\",\"url\":\"https:\/\/elvagonbejar.com\/albergue\/\",\"logo\":{\"@type\":\"ImageObject\",\"inLanguage\":\"es\",\"@id\":\"https:\/\/elvagonbejar.com\/albergue\/#\/schema\/logo\/image\/\",\"url\":\"https:\/\/elvagonbejar.com\/albergue\/wp-content\/uploads\/2025\/06\/Logo_positivo.png\",\"contentUrl\":\"https:\/\/elvagonbejar.com\/albergue\/wp-content\/uploads\/2025\/06\/Logo_positivo.png\",\"width\":412,\"height\":298,\"caption\":\"El Vag\u00f3n Albergue\"},\"image\":{\"@id\":\"https:\/\/elvagonbejar.com\/albergue\/#\/schema\/logo\/image\/\"}}]}<\/script>\n<!-- \/ Yoast SEO plugin. -->","yoast_head_json":{"title":"Nuestra esencia - El Vag\u00f3n Albergue","robots":{"index":"index","follow":"follow","max-snippet":"max-snippet:-1","max-image-preview":"max-image-preview:large","max-video-preview":"max-video-preview:-1"},"canonical":"https:\/\/elvagonbejar.com\/albergue\/index.php\/nuestra-esencia\/","og_locale":"es_ES","og_type":"article","og_title":"Nuestra esencia - El Vag\u00f3n Albergue","og_description":"Nuestra esencia Un albergue con alma de estaci\u00f3n En El Vag\u00f3n todo empieza con un viaje&#8230; o con la memoria de uno. Ubicado en la antigua estaci\u00f3n de tren de B\u00e9jar nuestro albergue recupera el esp\u00edritu de esos lugares donde la gente se encontraba, se desped\u00eda o comenzaba nuevas aventuras. Hoy, ese mismo and\u00e9n acoge [&hellip;]","og_url":"https:\/\/elvagonbejar.com\/albergue\/index.php\/nuestra-esencia\/","og_site_name":"El Vag\u00f3n Albergue","article_modified_time":"2026-01-22T19:03:59+00:00","twitter_card":"summary_large_image","twitter_misc":{"Tiempo de lectura":"1 minuto"},"schema":{"@context":"https:\/\/schema.org","@graph":[{"@type":"WebPage","@id":"https:\/\/elvagonbejar.com\/albergue\/index.php\/nuestra-esencia\/","url":"https:\/\/elvagonbejar.com\/albergue\/index.php\/nuestra-esencia\/","name":"Nuestra esencia - El Vag\u00f3n Albergue","isPartOf":{"@id":"https:\/\/elvagonbejar.com\/albergue\/#website"},"datePublished":"2025-07-30T15:51:41+00:00","dateModified":"2026-01-22T19:03:59+00:00","breadcrumb":{"@id":"https:\/\/elvagonbejar.com\/albergue\/index.php\/nuestra-esencia\/#breadcrumb"},"inLanguage":"es","potentialAction":[{"@type":"ReadAction","target":["https:\/\/elvagonbejar.com\/albergue\/index.php\/nuestra-esencia\/"]}]},{"@type":"BreadcrumbList","@id":"https:\/\/elvagonbejar.com\/albergue\/index.php\/nuestra-esencia\/#breadcrumb","itemListElement":[{"@type":"ListItem","position":1,"name":"Portada","item":"https:\/\/elvagonbejar.com\/albergue\/"},{"@type":"ListItem","position":2,"name":"Nuestra esencia"}]},{"@type":"WebSite","@id":"https:\/\/elvagonbejar.com\/albergue\/#website","url":"https:\/\/elvagonbejar.com\/albergue\/","name":"El Vag\u00f3n Albergue","description":"","publisher":{"@id":"https:\/\/elvagonbejar.com\/albergue\/#organization"},"potentialAction":[{"@type":"SearchAction","target":{"@type":"EntryPoint","urlTemplate":"https:\/\/elvagonbejar.com\/albergue\/?s={search_term_string}"},"query-input":{"@type":"PropertyValueSpecification","valueRequired":true,"valueName":"search_term_string"}}],"inLanguage":"es"},{"@type":"Organization","@id":"https:\/\/elvagonbejar.com\/albergue\/#organization","name":"El Vag\u00f3n Albergue","url":"https:\/\/elvagonbejar.com\/albergue\/","logo":{"@type":"ImageObject","inLanguage":"es","@id":"https:\/\/elvagonbejar.com\/albergue\/#\/schema\/logo\/image\/","url":"https:\/\/elvagonbejar.com\/albergue\/wp-content\/uploads\/2025\/06\/Logo_positivo.png","contentUrl":"https:\/\/elvagonbejar.com\/albergue\/wp-content\/uploads\/2025\/06\/Logo_positivo.png","width":412,"height":298,"caption":"El Vag\u00f3n Albergue"},"image":{"@id":"https:\/\/elvagonbejar.com\/albergue\/#\/schema\/logo\/image\/"}}]}},"_links":{"self":[{"href":"https:\/\/elvagonbejar.com\/albergue\/index.php\/wp-json\/wp\/v2\/pages\/115","targetHints":{"allow":["GET"]}}],"collection":[{"href":"https:\/\/elvagonbejar.com\/albergue\/index.php\/wp-json\/wp\/v2\/pages"}],"about":[{"href":"https:\/\/elvagonbejar.com\/albergue\/index.php\/wp-json\/wp\/v2\/types\/page"}],"author":[{"embeddable":true,"href":"https:\/\/elvagonbejar.com\/albergue\/index.php\/wp-json\/wp\/v2\/users\/1"}],"replies":[{"embeddable":true,"href":"https:\/\/elvagonbejar.com\/albergue\/index.php\/wp-json\/wp\/v2\/comments?post=115"}],"version-history":[{"count":52,"href":"https:\/\/elvagonbejar.com\/albergue\/index.php\/wp-json\/wp\/v2\/pages\/115\/revisions"}],"predecessor-version":[{"id":538,"href":"https:\/\/elvagonbejar.com\/albergue\/index.php\/wp-json\/wp\/v2\/pages\/115\/revisions\/538"}],"wp:attachment":[{"href":"https:\/\/elvagonbejar.com\/albergue\/index.php\/wp-json\/wp\/v2\/media?parent=115"}],"curies":[{"name":"wp","href":"https:\/\/api.w.org\/{rel}","templated":true}]}}