{"id":180,"date":"2025-07-30T17:02:34","date_gmt":"2025-07-30T17:02:34","guid":{"rendered":"https:\/\/elvagonbejar.com\/albergue\/?page_id=180"},"modified":"2026-01-22T19:04:24","modified_gmt":"2026-01-22T19:04:24","slug":"visitanos","status":"publish","type":"page","link":"https:\/\/elvagonbejar.com\/albergue\/index.php\/visitanos\/","title":{"rendered":"Vis\u00edtanos"},"content":{"rendered":"\t\t<div data-elementor-type=\"wp-page\" data-elementor-id=\"180\" class=\"elementor elementor-180\">\n\t\t\t\t<div class=\"elementor-element elementor-element-7eb1bbf e-con-full e-flex e-con e-parent\" data-id=\"7eb1bbf\" data-element_type=\"container\">\n\t\t<div class=\"elementor-element elementor-element-758d937 e-con-full e-flex e-con e-child\" data-id=\"758d937\" data-element_type=\"container\">\n\t\t<div class=\"elementor-element elementor-element-bd47b8f e-con-full e-flex e-con e-child\" data-id=\"bd47b8f\" data-element_type=\"container\" data-settings=\"{&quot;background_background&quot;:&quot;classic&quot;}\">\n\t\t\t\t<div class=\"elementor-element elementor-element-47160d1 elementor-invisible elementor-widget elementor-widget-heading\" data-id=\"47160d1\" data-element_type=\"widget\" data-settings=\"{&quot;_animation&quot;:&quot;fadeInUp&quot;}\" data-widget_type=\"heading.default\">\n\t\t\t\t<div class=\"elementor-widget-container\">\n\t\t\t\t\t<h2 class=\"elementor-heading-title elementor-size-default\">Vis\u00edtanos<\/h2>\t\t\t\t<\/div>\n\t\t\t\t<\/div>\n\t\t\t\t<\/div>\n\t\t\t\t<\/div>\n\t\t\t\t<\/div>\n\t\t<div class=\"elementor-element elementor-element-246819b e-flex e-con-boxed e-con e-parent\" data-id=\"246819b\" data-element_type=\"container\">\n\t\t\t\t\t<div class=\"e-con-inner\">\n\t\t<div class=\"elementor-element elementor-element-bcb2451 e-grid e-con-full e-con e-child\" data-id=\"bcb2451\" data-element_type=\"container\">\n\t\t\t\t<div class=\"elementor-element elementor-element-f7a446b elementor-widget elementor-widget-image\" data-id=\"f7a446b\" data-element_type=\"widget\" data-widget_type=\"image.default\">\n\t\t\t\t<div class=\"elementor-widget-container\">\n\t\t\t\t\t\t\t\t\t\t\t\t\t\t\t<img fetchpriority=\"high\" decoding=\"async\" width=\"800\" height=\"551\" src=\"https:\/\/elvagonbejar.com\/albergue\/wp-content\/uploads\/2025\/10\/Captura-de-pantalla-2025-10-07-a-las-18.53.33-1024x705.png\" class=\"attachment-large size-large wp-image-486\" alt=\"\" srcset=\"https:\/\/elvagonbejar.com\/albergue\/wp-content\/uploads\/2025\/10\/Captura-de-pantalla-2025-10-07-a-las-18.53.33-1024x705.png 1024w, https:\/\/elvagonbejar.com\/albergue\/wp-content\/uploads\/2025\/10\/Captura-de-pantalla-2025-10-07-a-las-18.53.33-768x529.png 768w, https:\/\/elvagonbejar.com\/albergue\/wp-content\/uploads\/2025\/10\/Captura-de-pantalla-2025-10-07-a-las-18.53.33.png 1086w\" sizes=\"(max-width: 800px) 100vw, 800px\" \/>\t\t\t\t\t\t\t\t\t\t\t\t\t\t\t<\/div>\n\t\t\t\t<\/div>\n\t\t\t\t<div class=\"elementor-element elementor-element-a3cdf9d elementor-widget elementor-widget-google_maps\" data-id=\"a3cdf9d\" data-element_type=\"widget\" data-widget_type=\"google_maps.default\">\n\t\t\t\t<div class=\"elementor-widget-container\">\n\t\t\t\t\t\t\t<div class=\"elementor-custom-embed\">\n\t\t\t<iframe loading=\"lazy\"\n\t\t\t\t\tsrc=\"https:\/\/maps.google.com\/maps?q=Carretera%20de%20Salamanca%2C%2092%2C%2037700%2C%20B%C3%A9jar&#038;t=m&#038;z=13&#038;output=embed&#038;iwloc=near\"\n\t\t\t\t\ttitle=\"Carretera de Salamanca, 92, 37700, B\u00e9jar\"\n\t\t\t\t\taria-label=\"Carretera de Salamanca, 92, 37700, B\u00e9jar\"\n\t\t\t><\/iframe>\n\t\t<\/div>\n\t\t\t\t\t\t<\/div>\n\t\t\t\t<\/div>\n\t\t\t\t<\/div>\n\t\t\t\t\t<\/div>\n\t\t\t\t<\/div>\n\t\t<div class=\"elementor-element elementor-element-560ddce e-flex e-con-boxed e-con e-parent\" data-id=\"560ddce\" data-element_type=\"container\">\n\t\t\t\t\t<div class=\"e-con-inner\">\n\t\t<div class=\"elementor-element elementor-element-03b2137 e-con-full e-flex e-con e-child\" data-id=\"03b2137\" data-element_type=\"container\">\n\t\t\t\t<div class=\"elementor-element elementor-element-6d9c1de elementor-widget elementor-widget-text-editor\" data-id=\"6d9c1de\" data-element_type=\"widget\" data-widget_type=\"text-editor.default\">\n\t\t\t\t<div class=\"elementor-widget-container\">\n\t\t\t\t\t\t\t\t\t<p><b>C\u00f3mo llegar a El Vag\u00f3n<\/b><\/p><p><span style=\"font-weight: 400;\">Llegar a El Vag\u00f3n es tan f\u00e1cil como dejarse llevar. Te esperamos en un rinc\u00f3n con historia, sabor y vistas, en la antigua estaci\u00f3n de tren de B\u00e9jar.<\/span><\/p><p><span style=\"font-weight: 400;\">\ud83d\udd57 Abrimos de mi\u00e9rcoles a domingo de 8:00 a 00:00 | Lunes y martes de 19:00 a 23:00<\/span><\/p><p><span style=\"font-weight: 400;\">\ud83d\udccd\u00a0Carretera de Salamanca 92, 37700 B\u00e9jar.<\/span><\/p><p><span style=\"white-space-collapse: preserve; font-size: 1rem;\">\ud83d\udce9 <\/span><span style=\"font-size: 1rem;\">info@elvagonbejar.com\u00a0<\/span><\/p><p><span style=\"font-size: 1rem;\"><span class=\"x1c3i2sq x19la9d6 x1fc57z9 xexx8yu x1ccui7m x18d9i69 x18pi947 x6ikm8r x10wlt62 x19co3pv x1g5zs5t xfibh0p xiy17q3 x1xsqp64\"><span class=\"\">\ud83d\udcde <\/span><\/span>613 54 93 78<\/span><\/p>\t\t\t\t\t\t\t\t<\/div>\n\t\t\t\t<\/div>\n\t\t\t\t<\/div>\n\t\t<div class=\"elementor-element elementor-element-69192e7 e-con-full e-flex e-con e-child\" data-id=\"69192e7\" data-element_type=\"container\">\n\t\t\t\t<div class=\"elementor-element elementor-element-bbb4e05 elementor-widget elementor-widget-text-editor\" data-id=\"bbb4e05\" data-element_type=\"widget\" data-widget_type=\"text-editor.default\">\n\t\t\t\t<div class=\"elementor-widget-container\">\n\t\t\t\t\t\t\t\t\t<p><b>\ud83d\ude97 En coche<\/b><\/p><p><span style=\"font-weight: 400;\">Desde Salamanca, toma la A-66 direcci\u00f3n sur hacia B\u00e9jar. Al llegar al n\u00facleo urbano, sigue las indicaciones hacia la Carretera de Salamanca (N-630).<\/span><\/p><p><span style=\"font-weight: 400;\">Lo mismo desde C\u00e1ceres, pero tomando la A-66 direcci\u00f3n norte.<\/span><span style=\"font-weight: 400;\"><br \/><\/span><span style=\"font-weight: 400;\">\ud83d\udccd Nos encontrar\u00e1s en el n\u00famero 92, justo en el edificio de la antigua estaci\u00f3n de tren, con aparcamiento cercano.<\/span><\/p><p>\u00a0<\/p><p><b>\ud83d\ude8c En transporte p\u00fablico<\/b><\/p><p><span style=\"font-weight: 400;\">Los aviones m\u00e1s cercanos son Madrid y Valladolid. Puedes llegar a B\u00e9jar en autob\u00fas desde Madrid, Valladolid, Salamanca y otras localidades cercanas. La estaci\u00f3n de autobuses est\u00e1 a unos 15 minutos a pie de El Vag\u00f3n.<\/span><span style=\"font-weight: 400;\"><br \/><\/span><span style=\"font-weight: 400;\">Sigue por la Carretera de Salamanca hacia el sur para encontrar la antigua estaci\u00f3n.<\/span><\/p><p>\u00a0<\/p><p><b>\ud83d\udeb4\u200d\u2640\ufe0f Por la V\u00eda Verde<\/b><\/p><p><span style=\"font-weight: 400;\">\u00bfVienes paseando o en bici? \u00a1Perfecto!<\/span><span style=\"font-weight: 400;\"><br \/><\/span><span style=\"font-weight: 400;\">El Vag\u00f3n est\u00e1 justo al final del tramo urbano de la V\u00eda Verde de B\u00e9jar, que recorre el antiguo trazado ferroviario entre bosques, t\u00faneles y naturaleza.<\/span><span style=\"font-weight: 400;\"><br \/><\/span><span style=\"font-weight: 400;\">Un alto perfecto para reponer fuerzas con una buena raci\u00f3n y una bebida con vistas.<\/span><\/p>\t\t\t\t\t\t\t\t<\/div>\n\t\t\t\t<\/div>\n\t\t\t\t<\/div>\n\t\t\t\t\t<\/div>\n\t\t\t\t<\/div>\n\t\t<div class=\"elementor-element elementor-element-8114e5f e-con-full e-flex e-con e-parent\" data-id=\"8114e5f\" data-element_type=\"container\">\n\t\t<div class=\"elementor-element elementor-element-1ab8778 e-con-full e-flex e-con e-child\" data-id=\"1ab8778\" data-element_type=\"container\">\n\t\t<footer class=\"elementor-element elementor-element-c2e9550 e-con-full e-flex e-con e-child\" data-id=\"c2e9550\" data-element_type=\"container\">\n\t\t<div class=\"elementor-element elementor-element-a62cfef e-con-full e-flex e-con e-child\" data-id=\"a62cfef\" data-element_type=\"container\">\n\t\t\t\t<\/div>\n\t\t<div class=\"elementor-element elementor-element-b6989fd e-con-full e-flex e-con e-child\" data-id=\"b6989fd\" data-element_type=\"container\">\n\t\t\t\t<div class=\"elementor-element elementor-element-e4fbc35 elementor-icon-list--layout-inline elementor-tablet-align-center elementor-align-center elementor-list-item-link-full_width elementor-widget elementor-widget-icon-list\" data-id=\"e4fbc35\" data-element_type=\"widget\" data-widget_type=\"icon-list.default\">\n\t\t\t\t<div class=\"elementor-widget-container\">\n\t\t\t\t\t\t\t<ul class=\"elementor-icon-list-items elementor-inline-items\">\n\t\t\t\t\t\t\t<li class=\"elementor-icon-list-item elementor-inline-item\">\n\t\t\t\t\t\t\t\t\t\t<span class=\"elementor-icon-list-text\">613 54 93 78 <\/span>\n\t\t\t\t\t\t\t\t\t<\/li>\n\t\t\t\t\t\t\t\t<li class=\"elementor-icon-list-item elementor-inline-item\">\n\t\t\t\t\t\t\t\t\t\t<span class=\"elementor-icon-list-text\">info@elvagonbejar.com<\/span>\n\t\t\t\t\t\t\t\t\t<\/li>\n\t\t\t\t\t\t\t\t<li class=\"elementor-icon-list-item elementor-inline-item\">\n\t\t\t\t\t\t\t\t\t\t<span class=\"elementor-icon-list-text\">C\/ Ctra. de Salamanca, 92, B\u00e9jar<\/span>\n\t\t\t\t\t\t\t\t\t<\/li>\n\t\t\t\t\t\t<\/ul>\n\t\t\t\t\t\t<\/div>\n\t\t\t\t<\/div>\n\t\t\t\t<\/div>\n\t\t<div class=\"elementor-element elementor-element-f6509b4 e-con-full e-flex e-con e-child\" data-id=\"f6509b4\" data-element_type=\"container\">\n\t\t\t\t<div class=\"elementor-element elementor-element-839c192 e-grid-align-right e-grid-align-tablet-right e-grid-align-mobile-center elementor-widget-mobile__width-inherit elementor-shape-rounded elementor-grid-0 elementor-widget elementor-widget-social-icons\" data-id=\"839c192\" data-element_type=\"widget\" data-widget_type=\"social-icons.default\">\n\t\t\t\t<div class=\"elementor-widget-container\">\n\t\t\t\t\t\t\t<div class=\"elementor-social-icons-wrapper elementor-grid\" role=\"list\">\n\t\t\t\t\t\t\t<span class=\"elementor-grid-item\" role=\"listitem\">\n\t\t\t\t\t<a class=\"elementor-icon elementor-social-icon elementor-social-icon-facebook-f elementor-repeater-item-3f1b7ac\" href=\"https:\/\/www.facebook.com\/profile.php?id=61578357622001\" target=\"_blank\">\n\t\t\t\t\t\t<span class=\"elementor-screen-only\">Facebook-f<\/span>\n\t\t\t\t\t\t<svg class=\"e-font-icon-svg e-fab-facebook-f\" viewBox=\"0 0 320 512\" xmlns=\"http:\/\/www.w3.org\/2000\/svg\"><path d=\"M279.14 288l14.22-92.66h-88.91v-60.13c0-25.35 12.42-50.06 52.24-50.06h40.42V6.26S260.43 0 225.36 0c-73.22 0-121.08 44.38-121.08 124.72v70.62H22.89V288h81.39v224h100.17V288z\"><\/path><\/svg>\t\t\t\t\t<\/a>\n\t\t\t\t<\/span>\n\t\t\t\t\t\t\t<span class=\"elementor-grid-item\" role=\"listitem\">\n\t\t\t\t\t<a class=\"elementor-icon elementor-social-icon elementor-social-icon- elementor-repeater-item-5c0ce3c\" href=\"https:\/\/www.instagram.com\/elvagonbejar\/\" target=\"_blank\">\n\t\t\t\t\t\t<span class=\"elementor-screen-only\"><\/span>\n\t\t\t\t\t\t<svg xmlns=\"http:\/\/www.w3.org\/2000\/svg\" id=\"aaf4d88f-6908-42b9-b3d6-5d6a3ec06a43\" data-name=\"Layer 1\" width=\"27\" height=\"26\" viewBox=\"0 0 27 26\"><path d=\"M26.9922,13.12c0-1.952.0071-3.904-.0054-5.856a7.4912,7.4912,0,0,0-.12-1.3338,6.9762,6.9762,0,0,0-2.4989-4.1911,7.3149,7.3149,0,0,0-4.73-1.7279c-4.031-.02-8.0623-.0061-12.0935-.0071a7.347,7.347,0,0,0-3.6653.907,6.9367,6.9367,0,0,0-3.85,6.2265C-.025,11.0332.0121,14.93.0169,18.8272a6.5069,6.5069,0,0,0,.8908,3.3475A7.2785,7.2785,0,0,0,7.419,25.9708c4.0565.0558,8.1145.0148,12.1719.0131a7.6378,7.6378,0,0,0,4.9015-1.8408,6.9218,6.9218,0,0,0,2.4928-5.276C27.0143,16.9517,26.9915,15.0354,26.9922,13.12ZM13.4174,20.21a7.3625,7.3625,0,0,1-7.4061-7.2182,7.3505,7.3505,0,0,1,7.4992-7.2115,7.3516,7.3516,0,0,1,7.4852,7.2146A7.37,7.37,0,0,1,13.4174,20.21ZM22.4962,5.7791a1.48,1.48,0,0,1-1.5005-1.4476,1.5014,1.5014,0,0,1,3-.0009A1.481,1.481,0,0,1,22.4962,5.7791Z\" transform=\"translate(0 0)\" style=\"fill-rule:evenodd\"><\/path><path d=\"M13.4969,8.3571a4.7331,4.7331,0,0,0-4.8183,4.6445,4.74,4.74,0,0,0,4.8241,4.6413,4.74,4.74,0,0,0,4.8187-4.6466A4.7342,4.7342,0,0,0,13.4969,8.3571Z\" transform=\"translate(0 0)\" style=\"fill-rule:evenodd\"><\/path><\/svg>\t\t\t\t\t<\/a>\n\t\t\t\t<\/span>\n\t\t\t\t\t\t\t<span class=\"elementor-grid-item\" role=\"listitem\">\n\t\t\t\t\t<a class=\"elementor-icon elementor-social-icon elementor-social-icon-twitter elementor-repeater-item-828f132\" href=\"https:\/\/x.com\/elvagonbejar\" target=\"_blank\">\n\t\t\t\t\t\t<span class=\"elementor-screen-only\">Twitter<\/span>\n\t\t\t\t\t\t<svg class=\"e-font-icon-svg e-fab-twitter\" viewBox=\"0 0 512 512\" xmlns=\"http:\/\/www.w3.org\/2000\/svg\"><path d=\"M459.37 151.716c.325 4.548.325 9.097.325 13.645 0 138.72-105.583 298.558-298.558 298.558-59.452 0-114.68-17.219-161.137-47.106 8.447.974 16.568 1.299 25.34 1.299 49.055 0 94.213-16.568 130.274-44.832-46.132-.975-84.792-31.188-98.112-72.772 6.498.974 12.995 1.624 19.818 1.624 9.421 0 18.843-1.3 27.614-3.573-48.081-9.747-84.143-51.98-84.143-102.985v-1.299c13.969 7.797 30.214 12.67 47.431 13.319-28.264-18.843-46.781-51.005-46.781-87.391 0-19.492 5.197-37.36 14.294-52.954 51.655 63.675 129.3 105.258 216.365 109.807-1.624-7.797-2.599-15.918-2.599-24.04 0-57.828 46.782-104.934 104.934-104.934 30.213 0 57.502 12.67 76.67 33.137 23.715-4.548 46.456-13.32 66.599-25.34-7.798 24.366-24.366 44.833-46.132 57.827 21.117-2.273 41.584-8.122 60.426-16.243-14.292 20.791-32.161 39.308-52.628 54.253z\"><\/path><\/svg>\t\t\t\t\t<\/a>\n\t\t\t\t<\/span>\n\t\t\t\t\t<\/div>\n\t\t\t\t\t\t<\/div>\n\t\t\t\t<\/div>\n\t\t\t\t<\/div>\n\t\t\t\t<\/footer>\n\t\t<div class=\"elementor-element elementor-element-6c59363 e-con-full e-flex e-con e-child\" data-id=\"6c59363\" data-element_type=\"container\" data-settings=\"{&quot;background_background&quot;:&quot;classic&quot;}\">\n\t\t<div class=\"elementor-element elementor-element-81bd02d e-con-full e-flex e-con e-child\" data-id=\"81bd02d\" data-element_type=\"container\">\n\t\t<div class=\"elementor-element elementor-element-399479a e-con-full e-flex e-con e-child\" data-id=\"399479a\" data-element_type=\"container\" data-settings=\"{&quot;background_background&quot;:&quot;classic&quot;}\">\n\t\t\t\t<div class=\"elementor-element elementor-element-99a4124 elementor-widget elementor-widget-heading\" data-id=\"99a4124\" data-element_type=\"widget\" data-widget_type=\"heading.default\">\n\t\t\t\t<div class=\"elementor-widget-container\">\n\t\t\t\t\t<p class=\"elementor-heading-title elementor-size-default\"><a href=\"https:\/\/elvagonbejar.com\/albergue\/index.php\/politica-de-privacidad\/\"><b>\u00a9 Todos los derechos reservados | Consulta nuestra Pol\u00edtica de Privacidad<\/b><\/a><\/p>\t\t\t\t<\/div>\n\t\t\t\t<\/div>\n\t\t\t\t<\/div>\n\t\t\t\t<\/div>\n\t\t\t\t<\/div>\n\t\t\t\t<\/div>\n\t\t\t\t<\/div>\n\t\t\t\t<\/div>\n\t\t","protected":false},"excerpt":{"rendered":"<p>Vis\u00edtanos C\u00f3mo llegar a El Vag\u00f3n Llegar a El Vag\u00f3n es tan f\u00e1cil como dejarse llevar. Te esperamos en un rinc\u00f3n con historia, sabor y vistas, en la antigua estaci\u00f3n de tren de B\u00e9jar. \ud83d\udd57 Abrimos de mi\u00e9rcoles a domingo de 8:00 a 00:00 | Lunes y martes de 19:00 a 23:00 \ud83d\udccd\u00a0Carretera de Salamanca [&hellip;]<\/p>\n","protected":false},"author":1,"featured_media":0,"parent":0,"menu_order":0,"comment_status":"closed","ping_status":"closed","template":"","meta":{"footnotes":""},"class_list":["post-180","page","type-page","status-publish","hentry"],"yoast_head":"<!-- This site is optimized with the Yoast SEO plugin v25.7 - https:\/\/yoast.com\/wordpress\/plugins\/seo\/ -->\n<title>Vis\u00edtanos - El Vag\u00f3n Albergue<\/title>\n<meta name=\"robots\" content=\"index, follow, max-snippet:-1, max-image-preview:large, max-video-preview:-1\" \/>\n<link rel=\"canonical\" href=\"https:\/\/elvagonbejar.com\/albergue\/index.php\/visitanos\/\" \/>\n<meta property=\"og:locale\" content=\"es_ES\" \/>\n<meta property=\"og:type\" content=\"article\" \/>\n<meta property=\"og:title\" content=\"Vis\u00edtanos - El Vag\u00f3n Albergue\" \/>\n<meta property=\"og:description\" content=\"Vis\u00edtanos C\u00f3mo llegar a El Vag\u00f3n Llegar a El Vag\u00f3n es tan f\u00e1cil como dejarse llevar. Te esperamos en un rinc\u00f3n con historia, sabor y vistas, en la antigua estaci\u00f3n de tren de B\u00e9jar. \ud83d\udd57 Abrimos de mi\u00e9rcoles a domingo de 8:00 a 00:00 | Lunes y martes de 19:00 a 23:00 \ud83d\udccd\u00a0Carretera de Salamanca [&hellip;]\" \/>\n<meta property=\"og:url\" content=\"https:\/\/elvagonbejar.com\/albergue\/index.php\/visitanos\/\" \/>\n<meta property=\"og:site_name\" content=\"El Vag\u00f3n Albergue\" \/>\n<meta property=\"article:modified_time\" content=\"2026-01-22T19:04:24+00:00\" \/>\n<meta property=\"og:image\" content=\"https:\/\/elvagonbejar.com\/albergue\/wp-content\/uploads\/2025\/10\/Captura-de-pantalla-2025-10-07-a-las-18.53.33.png\" \/>\n\t<meta property=\"og:image:width\" content=\"1086\" \/>\n\t<meta property=\"og:image:height\" content=\"748\" \/>\n\t<meta property=\"og:image:type\" content=\"image\/png\" \/>\n<meta name=\"twitter:card\" content=\"summary_large_image\" \/>\n<meta name=\"twitter:label1\" content=\"Tiempo de lectura\" \/>\n\t<meta name=\"twitter:data1\" content=\"2 minutos\" \/>\n<script type=\"application\/ld+json\" class=\"yoast-schema-graph\">{\"@context\":\"https:\/\/schema.org\",\"@graph\":[{\"@type\":\"WebPage\",\"@id\":\"https:\/\/elvagonbejar.com\/albergue\/index.php\/visitanos\/\",\"url\":\"https:\/\/elvagonbejar.com\/albergue\/index.php\/visitanos\/\",\"name\":\"Vis\u00edtanos - El Vag\u00f3n Albergue\",\"isPartOf\":{\"@id\":\"https:\/\/elvagonbejar.com\/albergue\/#website\"},\"primaryImageOfPage\":{\"@id\":\"https:\/\/elvagonbejar.com\/albergue\/index.php\/visitanos\/#primaryimage\"},\"image\":{\"@id\":\"https:\/\/elvagonbejar.com\/albergue\/index.php\/visitanos\/#primaryimage\"},\"thumbnailUrl\":\"https:\/\/elvagonbejar.com\/albergue\/wp-content\/uploads\/2025\/10\/Captura-de-pantalla-2025-10-07-a-las-18.53.33-1024x705.png\",\"datePublished\":\"2025-07-30T17:02:34+00:00\",\"dateModified\":\"2026-01-22T19:04:24+00:00\",\"breadcrumb\":{\"@id\":\"https:\/\/elvagonbejar.com\/albergue\/index.php\/visitanos\/#breadcrumb\"},\"inLanguage\":\"es\",\"potentialAction\":[{\"@type\":\"ReadAction\",\"target\":[\"https:\/\/elvagonbejar.com\/albergue\/index.php\/visitanos\/\"]}]},{\"@type\":\"ImageObject\",\"inLanguage\":\"es\",\"@id\":\"https:\/\/elvagonbejar.com\/albergue\/index.php\/visitanos\/#primaryimage\",\"url\":\"https:\/\/elvagonbejar.com\/albergue\/wp-content\/uploads\/2025\/10\/Captura-de-pantalla-2025-10-07-a-las-18.53.33.png\",\"contentUrl\":\"https:\/\/elvagonbejar.com\/albergue\/wp-content\/uploads\/2025\/10\/Captura-de-pantalla-2025-10-07-a-las-18.53.33.png\",\"width\":1086,\"height\":748},{\"@type\":\"BreadcrumbList\",\"@id\":\"https:\/\/elvagonbejar.com\/albergue\/index.php\/visitanos\/#breadcrumb\",\"itemListElement\":[{\"@type\":\"ListItem\",\"position\":1,\"name\":\"Portada\",\"item\":\"https:\/\/elvagonbejar.com\/albergue\/\"},{\"@type\":\"ListItem\",\"position\":2,\"name\":\"Vis\u00edtanos\"}]},{\"@type\":\"WebSite\",\"@id\":\"https:\/\/elvagonbejar.com\/albergue\/#website\",\"url\":\"https:\/\/elvagonbejar.com\/albergue\/\",\"name\":\"El Vag\u00f3n Albergue\",\"description\":\"\",\"publisher\":{\"@id\":\"https:\/\/elvagonbejar.com\/albergue\/#organization\"},\"potentialAction\":[{\"@type\":\"SearchAction\",\"target\":{\"@type\":\"EntryPoint\",\"urlTemplate\":\"https:\/\/elvagonbejar.com\/albergue\/?s={search_term_string}\"},\"query-input\":{\"@type\":\"PropertyValueSpecification\",\"valueRequired\":true,\"valueName\":\"search_term_string\"}}],\"inLanguage\":\"es\"},{\"@type\":\"Organization\",\"@id\":\"https:\/\/elvagonbejar.com\/albergue\/#organization\",\"name\":\"El Vag\u00f3n Albergue\",\"url\":\"https:\/\/elvagonbejar.com\/albergue\/\",\"logo\":{\"@type\":\"ImageObject\",\"inLanguage\":\"es\",\"@id\":\"https:\/\/elvagonbejar.com\/albergue\/#\/schema\/logo\/image\/\",\"url\":\"https:\/\/elvagonbejar.com\/albergue\/wp-content\/uploads\/2025\/06\/Logo_positivo.png\",\"contentUrl\":\"https:\/\/elvagonbejar.com\/albergue\/wp-content\/uploads\/2025\/06\/Logo_positivo.png\",\"width\":412,\"height\":298,\"caption\":\"El Vag\u00f3n Albergue\"},\"image\":{\"@id\":\"https:\/\/elvagonbejar.com\/albergue\/#\/schema\/logo\/image\/\"}}]}<\/script>\n<!-- \/ Yoast SEO plugin. -->","yoast_head_json":{"title":"Vis\u00edtanos - El Vag\u00f3n Albergue","robots":{"index":"index","follow":"follow","max-snippet":"max-snippet:-1","max-image-preview":"max-image-preview:large","max-video-preview":"max-video-preview:-1"},"canonical":"https:\/\/elvagonbejar.com\/albergue\/index.php\/visitanos\/","og_locale":"es_ES","og_type":"article","og_title":"Vis\u00edtanos - El Vag\u00f3n Albergue","og_description":"Vis\u00edtanos C\u00f3mo llegar a El Vag\u00f3n Llegar a El Vag\u00f3n es tan f\u00e1cil como dejarse llevar. Te esperamos en un rinc\u00f3n con historia, sabor y vistas, en la antigua estaci\u00f3n de tren de B\u00e9jar. \ud83d\udd57 Abrimos de mi\u00e9rcoles a domingo de 8:00 a 00:00 | Lunes y martes de 19:00 a 23:00 \ud83d\udccd\u00a0Carretera de Salamanca [&hellip;]","og_url":"https:\/\/elvagonbejar.com\/albergue\/index.php\/visitanos\/","og_site_name":"El Vag\u00f3n Albergue","article_modified_time":"2026-01-22T19:04:24+00:00","og_image":[{"width":1086,"height":748,"url":"https:\/\/elvagonbejar.com\/albergue\/wp-content\/uploads\/2025\/10\/Captura-de-pantalla-2025-10-07-a-las-18.53.33.png","type":"image\/png"}],"twitter_card":"summary_large_image","twitter_misc":{"Tiempo de lectura":"2 minutos"},"schema":{"@context":"https:\/\/schema.org","@graph":[{"@type":"WebPage","@id":"https:\/\/elvagonbejar.com\/albergue\/index.php\/visitanos\/","url":"https:\/\/elvagonbejar.com\/albergue\/index.php\/visitanos\/","name":"Vis\u00edtanos - El Vag\u00f3n Albergue","isPartOf":{"@id":"https:\/\/elvagonbejar.com\/albergue\/#website"},"primaryImageOfPage":{"@id":"https:\/\/elvagonbejar.com\/albergue\/index.php\/visitanos\/#primaryimage"},"image":{"@id":"https:\/\/elvagonbejar.com\/albergue\/index.php\/visitanos\/#primaryimage"},"thumbnailUrl":"https:\/\/elvagonbejar.com\/albergue\/wp-content\/uploads\/2025\/10\/Captura-de-pantalla-2025-10-07-a-las-18.53.33-1024x705.png","datePublished":"2025-07-30T17:02:34+00:00","dateModified":"2026-01-22T19:04:24+00:00","breadcrumb":{"@id":"https:\/\/elvagonbejar.com\/albergue\/index.php\/visitanos\/#breadcrumb"},"inLanguage":"es","potentialAction":[{"@type":"ReadAction","target":["https:\/\/elvagonbejar.com\/albergue\/index.php\/visitanos\/"]}]},{"@type":"ImageObject","inLanguage":"es","@id":"https:\/\/elvagonbejar.com\/albergue\/index.php\/visitanos\/#primaryimage","url":"https:\/\/elvagonbejar.com\/albergue\/wp-content\/uploads\/2025\/10\/Captura-de-pantalla-2025-10-07-a-las-18.53.33.png","contentUrl":"https:\/\/elvagonbejar.com\/albergue\/wp-content\/uploads\/2025\/10\/Captura-de-pantalla-2025-10-07-a-las-18.53.33.png","width":1086,"height":748},{"@type":"BreadcrumbList","@id":"https:\/\/elvagonbejar.com\/albergue\/index.php\/visitanos\/#breadcrumb","itemListElement":[{"@type":"ListItem","position":1,"name":"Portada","item":"https:\/\/elvagonbejar.com\/albergue\/"},{"@type":"ListItem","position":2,"name":"Vis\u00edtanos"}]},{"@type":"WebSite","@id":"https:\/\/elvagonbejar.com\/albergue\/#website","url":"https:\/\/elvagonbejar.com\/albergue\/","name":"El Vag\u00f3n Albergue","description":"","publisher":{"@id":"https:\/\/elvagonbejar.com\/albergue\/#organization"},"potentialAction":[{"@type":"SearchAction","target":{"@type":"EntryPoint","urlTemplate":"https:\/\/elvagonbejar.com\/albergue\/?s={search_term_string}"},"query-input":{"@type":"PropertyValueSpecification","valueRequired":true,"valueName":"search_term_string"}}],"inLanguage":"es"},{"@type":"Organization","@id":"https:\/\/elvagonbejar.com\/albergue\/#organization","name":"El Vag\u00f3n Albergue","url":"https:\/\/elvagonbejar.com\/albergue\/","logo":{"@type":"ImageObject","inLanguage":"es","@id":"https:\/\/elvagonbejar.com\/albergue\/#\/schema\/logo\/image\/","url":"https:\/\/elvagonbejar.com\/albergue\/wp-content\/uploads\/2025\/06\/Logo_positivo.png","contentUrl":"https:\/\/elvagonbejar.com\/albergue\/wp-content\/uploads\/2025\/06\/Logo_positivo.png","width":412,"height":298,"caption":"El Vag\u00f3n Albergue"},"image":{"@id":"https:\/\/elvagonbejar.com\/albergue\/#\/schema\/logo\/image\/"}}]}},"_links":{"self":[{"href":"https:\/\/elvagonbejar.com\/albergue\/index.php\/wp-json\/wp\/v2\/pages\/180","targetHints":{"allow":["GET"]}}],"collection":[{"href":"https:\/\/elvagonbejar.com\/albergue\/index.php\/wp-json\/wp\/v2\/pages"}],"about":[{"href":"https:\/\/elvagonbejar.com\/albergue\/index.php\/wp-json\/wp\/v2\/types\/page"}],"author":[{"embeddable":true,"href":"https:\/\/elvagonbejar.com\/albergue\/index.php\/wp-json\/wp\/v2\/users\/1"}],"replies":[{"embeddable":true,"href":"https:\/\/elvagonbejar.com\/albergue\/index.php\/wp-json\/wp\/v2\/comments?post=180"}],"version-history":[{"count":38,"href":"https:\/\/elvagonbejar.com\/albergue\/index.php\/wp-json\/wp\/v2\/pages\/180\/revisions"}],"predecessor-version":[{"id":541,"href":"https:\/\/elvagonbejar.com\/albergue\/index.php\/wp-json\/wp\/v2\/pages\/180\/revisions\/541"}],"wp:attachment":[{"href":"https:\/\/elvagonbejar.com\/albergue\/index.php\/wp-json\/wp\/v2\/media?parent=180"}],"curies":[{"name":"wp","href":"https:\/\/api.w.org\/{rel}","templated":true}]}}