{"id":348,"date":"2025-08-07T08:27:48","date_gmt":"2025-08-07T08:27:48","guid":{"rendered":"https:\/\/elvagonbejar.com\/albergue\/?page_id=348"},"modified":"2025-08-07T08:32:12","modified_gmt":"2025-08-07T08:32:12","slug":"politica-de-privacidad","status":"publish","type":"page","link":"https:\/\/elvagonbejar.com\/albergue\/index.php\/politica-de-privacidad\/","title":{"rendered":"Pol\u00edtica de privacidad"},"content":{"rendered":"\t\t<div data-elementor-type=\"wp-page\" data-elementor-id=\"348\" class=\"elementor elementor-348\">\n\t\t\t\t<div class=\"elementor-element elementor-element-8400e86 e-con-full e-flex e-con e-parent\" data-id=\"8400e86\" data-element_type=\"container\" data-settings=\"{&quot;background_background&quot;:&quot;classic&quot;}\">\n\t\t<div class=\"elementor-element elementor-element-4c8051d e-con-full e-flex e-con e-child\" data-id=\"4c8051d\" data-element_type=\"container\">\n\t\t<div class=\"elementor-element elementor-element-7a93a16 e-con-full e-flex e-con e-child\" data-id=\"7a93a16\" data-element_type=\"container\" data-settings=\"{&quot;background_background&quot;:&quot;classic&quot;}\">\n\t\t\t\t<div class=\"elementor-element elementor-element-22c0d62 elementor-invisible elementor-widget elementor-widget-heading\" data-id=\"22c0d62\" data-element_type=\"widget\" data-settings=\"{&quot;_animation&quot;:&quot;fadeInUp&quot;}\" data-widget_type=\"heading.default\">\n\t\t\t\t<div class=\"elementor-widget-container\">\n\t\t\t\t\t<h2 class=\"elementor-heading-title elementor-size-default\">Pol\u00edtica de privacidad<\/h2>\t\t\t\t<\/div>\n\t\t\t\t<\/div>\n\t\t\t\t<\/div>\n\t\t\t\t<\/div>\n\t\t\t\t<\/div>\n\t\t<div class=\"elementor-element elementor-element-9d8e9b8 e-flex e-con-boxed e-con e-parent\" data-id=\"9d8e9b8\" data-element_type=\"container\">\n\t\t\t\t\t<div class=\"e-con-inner\">\n\t\t\t\t<div class=\"elementor-element elementor-element-6d57703 elementor-widget elementor-widget-text-editor\" data-id=\"6d57703\" data-element_type=\"widget\" data-widget_type=\"text-editor.default\">\n\t\t\t\t<div class=\"elementor-widget-container\">\n\t\t\t\t\t\t\t\t\t<h3 data-start=\"227\" data-end=\"283\">1. Principios aplicados en el tratamiento de datos<\/h3>\n<p data-start=\"284\" data-end=\"629\">En <strong data-start=\"287\" data-end=\"318\">El Vag\u00f3n B\u00e9jar Bar-Albergue<\/strong>, aplicamos principios alineados con el RGPD y la LOPDGDD en el tratamiento de tus datos personales: licitud, lealtad, transparencia; minimizaci\u00f3n; limitaci\u00f3n de la finalidad y del plazo de conservaci\u00f3n; exactitud; integridad y confidencialidad; y responsabilidad proactiva.<\/p>\n<p data-start=\"284\" data-end=\"629\"><br><\/p>\n<h3 data-start=\"636\" data-end=\"672\">2. Responsable del tratamiento<\/h3>\n<p data-start=\"673\" data-end=\"910\"><strong data-start=\"673\" data-end=\"694\">Nombre comercial:<\/strong> El Vag\u00f3n B\u00e9jar Bar\u2011Albergue<br data-start=\"722\" data-end=\"725\"><strong data-start=\"725\" data-end=\"737\">Titular:<\/strong> SITTA TURISMO ACTIVO SL<br data-start=\"761\" data-end=\"764\"><strong data-start=\"764\" data-end=\"778\">Direcci\u00f3n:<\/strong> C\/Carretera de Salamanca, 92, 37700, B\u00e9jar (Salamanca)<br data-start=\"833\" data-end=\"836\"><strong data-start=\"836\" data-end=\"859\">Correo electr\u00f3nico:<\/strong> <a class=\"cursor-pointer\" rel=\"noopener\" data-start=\"860\" data-end=\"881\">info@elvagonbejar.com<\/a><br data-start=\"881\" data-end=\"884\"><strong data-start=\"884\" data-end=\"897\">Tel\u00e9fono:<\/strong> 613 54 93 78<\/p>\n<p data-start=\"673\" data-end=\"910\"><br><\/p>\n<h3 data-start=\"917\" data-end=\"958\">3. Datos personales que recopilamos<\/h3>\n<p data-start=\"959\" data-end=\"1069\">Recopilamos \u00fanicamente aquellos datos estrictamente necesarios para la prestaci\u00f3n de nuestros servicios, como:<\/p>\n<ul data-start=\"1070\" data-end=\"1269\">\n<li data-start=\"1070\" data-end=\"1127\">\n<p data-start=\"1072\" data-end=\"1127\">Identificativos: nombre, tel\u00e9fono, correo electr\u00f3nico<\/p>\n<\/li>\n<li data-start=\"1128\" data-end=\"1157\">\n<p data-start=\"1130\" data-end=\"1157\">Datos de reservas y pagos<\/p>\n<\/li>\n<li data-start=\"1158\" data-end=\"1269\">\n<p data-start=\"1160\" data-end=\"1269\">Preferencias de alojamiento o consulta<\/p>\n<\/li>\n<li data-start=\"1158\" data-end=\"1269\">\n<p data-start=\"1160\" data-end=\"1269\">No gestionamos datos sensibles.<\/p>\n<\/li>\n<\/ul>\n<h3 data-start=\"1276\" data-end=\"1312\"><br><\/h3><h3 data-start=\"1276\" data-end=\"1312\">4. Finalidades del tratamiento<\/h3>\n<p data-start=\"1313\" data-end=\"1342\">Tus datos se utilizan para:<\/p>\n<ul data-start=\"1343\" data-end=\"1552\">\n<li data-start=\"1343\" data-end=\"1404\">\n<p data-start=\"1345\" data-end=\"1404\">Gestionar tus reservas en el albergue o servicios del bar<\/p>\n<\/li>\n<li data-start=\"1405\" data-end=\"1444\">\n<p data-start=\"1407\" data-end=\"1444\">Responder a consultas e incidencias<\/p>\n<\/li>\n<li data-start=\"1445\" data-end=\"1495\">\n<p data-start=\"1447\" data-end=\"1495\">Enviar informaci\u00f3n relevante sobre tu estancia<\/p>\n<\/li>\n<li data-start=\"1496\" data-end=\"1552\">\n<p data-start=\"1498\" data-end=\"1552\">Cumplir con obligaciones legales y normativas vigentes<\/p>\n<\/li>\n<\/ul>\n<h3 data-start=\"1559\" data-end=\"1596\"><br><\/h3><h3 data-start=\"1559\" data-end=\"1596\">5. Legitimaci\u00f3n del tratamiento<\/h3>\n<p data-start=\"1597\" data-end=\"1636\">El tratamiento de tus datos se basa en:<\/p>\n<ul data-start=\"1637\" data-end=\"1809\">\n<li data-start=\"1637\" data-end=\"1689\">\n<p data-start=\"1639\" data-end=\"1689\">La ejecuci\u00f3n de un contrato (servicio o reserva)<\/p>\n<\/li>\n<li data-start=\"1690\" data-end=\"1734\">\n<p data-start=\"1692\" data-end=\"1734\">Tu consentimiento al facilitar los datos<\/p>\n<\/li>\n<li data-start=\"1735\" data-end=\"1809\">\n<p data-start=\"1737\" data-end=\"1809\">Intereses leg\u00edtimos como cumplimiento normativo o comunicaci\u00f3n relevante<\/p>\n<\/li>\n<\/ul>\n<h3 data-start=\"1816\" data-end=\"1838\"><br><\/h3><h3 data-start=\"1816\" data-end=\"1838\">6. Destinatarios<\/h3>\n<p data-start=\"1839\" data-end=\"2041\">No cedemos datos a terceros salvo obligaci\u00f3n legal o cuando sea necesario para cumplir con la prestaci\u00f3n del servicio (por ejemplo, proveedores de pagos o asesor\u00eda).<\/p>\n<h3 data-start=\"2048\" data-end=\"2078\"><br><\/h3><h3 data-start=\"2048\" data-end=\"2078\">7. Plazo de conservaci\u00f3n<\/h3>\n<p data-start=\"2079\" data-end=\"2300\">Conservaremos tus datos mientras exista una relaci\u00f3n contractual o se cumplan las finalidades requeridas, y durante los plazos legales exigidos (fiscales, contables o administrativos).<\/p>\n<h3 data-start=\"2307\" data-end=\"2339\"><br><\/h3><h3 data-start=\"2307\" data-end=\"2339\">8. Derechos que te asisten<\/h3>\n<p data-start=\"2340\" data-end=\"2371\">Puedes ejercer tus derechos de:<\/p>\n<ul data-start=\"2372\" data-end=\"2652\">\n<li data-start=\"2372\" data-end=\"2408\">\n<p data-start=\"2374\" data-end=\"2408\">Acceso, rectificaci\u00f3n, supresi\u00f3n<\/p>\n<\/li>\n<li data-start=\"2409\" data-end=\"2450\">\n<p data-start=\"2411\" data-end=\"2450\">Limitaci\u00f3n u oposici\u00f3n al tratamiento<\/p>\n<\/li>\n<li data-start=\"2451\" data-end=\"2652\">\n<p data-start=\"2453\" data-end=\"2652\">Portabilidad y revocaci\u00f3n del consentimiento. Env\u00eda tu solicitud por escrito a <strong data-start=\"2533\" data-end=\"2558\"><a class=\"cursor-pointer\" rel=\"noopener\" data-start=\"2535\" data-end=\"2556\">info@elvagonbejar.com<\/a><\/strong>, incluyendo una copia de tu DNI o documento equivalente.<\/p>\n<\/li>\n<\/ul>\n<h3 data-start=\"2659\" data-end=\"2688\"><br><\/h3><h3 data-start=\"2659\" data-end=\"2688\">9<span style=\"color: inherit; font-family: inherit; font-size: 1.75rem;\">. Medidas de seguridad<\/span><\/h3>\n<p data-start=\"2689\" data-end=\"2872\">Hemos implementado medidas t\u00e9cnicas y organizativas apropiadas para garantizar la confidencialidad e integridad de tus datos, evitando accesos no autorizados, p\u00e9rdidas o alteraciones.<\/p>\n<h3 data-start=\"2879\" data-end=\"2913\"><br><\/h3><h3 data-start=\"2879\" data-end=\"2913\">10. Cambios en esta pol\u00edtica<\/h3>\n<p data-start=\"2914\" data-end=\"3063\">Nos reservamos el derecho a actualizar esta pol\u00edtica conforme a cambios normativos o en nuestros servicios. Te recomendamos revisarla peri\u00f3dicamente.<\/p>\n<h3 data-start=\"3070\" data-end=\"3099\"><br><\/h3><h3 data-start=\"3070\" data-end=\"3099\">11. Referencias legales<\/h3>\n<ul data-start=\"3100\" data-end=\"3328\">\n<li data-start=\"3100\" data-end=\"3135\">\n<p data-start=\"3102\" data-end=\"3135\">Reglamento (UE) 2016\/679 (RGPD)<\/p>\n<\/li>\n<li data-start=\"3136\" data-end=\"3241\">\n<p data-start=\"3138\" data-end=\"3241\">Ley Org\u00e1nica 3\/2018, de Protecci\u00f3n de Datos Personales y garant\u00eda de los derechos digitales (LOPDGDD)<\/p>\n<\/li>\n<li data-start=\"3242\" data-end=\"3328\">\n<p data-start=\"3244\" data-end=\"3328\">Real Decreto 1720\/2007 de desarrollo de la LOPD<\/p>\n<\/li>\n<\/ul>\t\t\t\t\t\t\t\t<\/div>\n\t\t\t\t<\/div>\n\t\t\t\t\t<\/div>\n\t\t\t\t<\/div>\n\t\t\t\t<\/div>\n\t\t","protected":false},"excerpt":{"rendered":"<p>Pol\u00edtica de privacidad 1. Principios aplicados en el tratamiento de datos En El Vag\u00f3n B\u00e9jar Bar-Albergue, aplicamos principios alineados con el RGPD y la LOPDGDD en el tratamiento de tus datos personales: licitud, lealtad, transparencia; minimizaci\u00f3n; limitaci\u00f3n de la finalidad y del plazo de conservaci\u00f3n; exactitud; integridad y confidencialidad; y responsabilidad proactiva. 2. Responsable del [&hellip;]<\/p>\n","protected":false},"author":1,"featured_media":0,"parent":0,"menu_order":0,"comment_status":"closed","ping_status":"closed","template":"","meta":{"footnotes":""},"class_list":["post-348","page","type-page","status-publish","hentry"],"yoast_head":"<!-- This site is optimized with the Yoast SEO plugin v25.7 - https:\/\/yoast.com\/wordpress\/plugins\/seo\/ -->\n<title>Pol\u00edtica de privacidad - El Vag\u00f3n Albergue<\/title>\n<meta name=\"robots\" content=\"index, follow, max-snippet:-1, max-image-preview:large, max-video-preview:-1\" \/>\n<link rel=\"canonical\" href=\"https:\/\/elvagonbejar.com\/albergue\/index.php\/politica-de-privacidad\/\" \/>\n<meta property=\"og:locale\" content=\"es_ES\" \/>\n<meta property=\"og:type\" content=\"article\" \/>\n<meta property=\"og:title\" content=\"Pol\u00edtica de privacidad - El Vag\u00f3n Albergue\" \/>\n<meta property=\"og:description\" content=\"Pol\u00edtica de privacidad 1. Principios aplicados en el tratamiento de datos En El Vag\u00f3n B\u00e9jar Bar-Albergue, aplicamos principios alineados con el RGPD y la LOPDGDD en el tratamiento de tus datos personales: licitud, lealtad, transparencia; minimizaci\u00f3n; limitaci\u00f3n de la finalidad y del plazo de conservaci\u00f3n; exactitud; integridad y confidencialidad; y responsabilidad proactiva. 2. Responsable del [&hellip;]\" \/>\n<meta property=\"og:url\" content=\"https:\/\/elvagonbejar.com\/albergue\/index.php\/politica-de-privacidad\/\" \/>\n<meta property=\"og:site_name\" content=\"El Vag\u00f3n Albergue\" \/>\n<meta property=\"article:modified_time\" content=\"2025-08-07T08:32:12+00:00\" \/>\n<meta name=\"twitter:card\" content=\"summary_large_image\" \/>\n<meta name=\"twitter:label1\" content=\"Tiempo de lectura\" \/>\n\t<meta name=\"twitter:data1\" content=\"2 minutos\" \/>\n<script type=\"application\/ld+json\" class=\"yoast-schema-graph\">{\"@context\":\"https:\/\/schema.org\",\"@graph\":[{\"@type\":\"WebPage\",\"@id\":\"https:\/\/elvagonbejar.com\/albergue\/index.php\/politica-de-privacidad\/\",\"url\":\"https:\/\/elvagonbejar.com\/albergue\/index.php\/politica-de-privacidad\/\",\"name\":\"Pol\u00edtica de privacidad - El Vag\u00f3n Albergue\",\"isPartOf\":{\"@id\":\"https:\/\/elvagonbejar.com\/albergue\/#website\"},\"datePublished\":\"2025-08-07T08:27:48+00:00\",\"dateModified\":\"2025-08-07T08:32:12+00:00\",\"breadcrumb\":{\"@id\":\"https:\/\/elvagonbejar.com\/albergue\/index.php\/politica-de-privacidad\/#breadcrumb\"},\"inLanguage\":\"es\",\"potentialAction\":[{\"@type\":\"ReadAction\",\"target\":[\"https:\/\/elvagonbejar.com\/albergue\/index.php\/politica-de-privacidad\/\"]}]},{\"@type\":\"BreadcrumbList\",\"@id\":\"https:\/\/elvagonbejar.com\/albergue\/index.php\/politica-de-privacidad\/#breadcrumb\",\"itemListElement\":[{\"@type\":\"ListItem\",\"position\":1,\"name\":\"Portada\",\"item\":\"https:\/\/elvagonbejar.com\/albergue\/\"},{\"@type\":\"ListItem\",\"position\":2,\"name\":\"Pol\u00edtica de privacidad\"}]},{\"@type\":\"WebSite\",\"@id\":\"https:\/\/elvagonbejar.com\/albergue\/#website\",\"url\":\"https:\/\/elvagonbejar.com\/albergue\/\",\"name\":\"El Vag\u00f3n Albergue\",\"description\":\"\",\"publisher\":{\"@id\":\"https:\/\/elvagonbejar.com\/albergue\/#organization\"},\"potentialAction\":[{\"@type\":\"SearchAction\",\"target\":{\"@type\":\"EntryPoint\",\"urlTemplate\":\"https:\/\/elvagonbejar.com\/albergue\/?s={search_term_string}\"},\"query-input\":{\"@type\":\"PropertyValueSpecification\",\"valueRequired\":true,\"valueName\":\"search_term_string\"}}],\"inLanguage\":\"es\"},{\"@type\":\"Organization\",\"@id\":\"https:\/\/elvagonbejar.com\/albergue\/#organization\",\"name\":\"El Vag\u00f3n Albergue\",\"url\":\"https:\/\/elvagonbejar.com\/albergue\/\",\"logo\":{\"@type\":\"ImageObject\",\"inLanguage\":\"es\",\"@id\":\"https:\/\/elvagonbejar.com\/albergue\/#\/schema\/logo\/image\/\",\"url\":\"https:\/\/elvagonbejar.com\/albergue\/wp-content\/uploads\/2025\/06\/Logo_positivo.png\",\"contentUrl\":\"https:\/\/elvagonbejar.com\/albergue\/wp-content\/uploads\/2025\/06\/Logo_positivo.png\",\"width\":412,\"height\":298,\"caption\":\"El Vag\u00f3n Albergue\"},\"image\":{\"@id\":\"https:\/\/elvagonbejar.com\/albergue\/#\/schema\/logo\/image\/\"}}]}<\/script>\n<!-- \/ Yoast SEO plugin. -->","yoast_head_json":{"title":"Pol\u00edtica de privacidad - El Vag\u00f3n Albergue","robots":{"index":"index","follow":"follow","max-snippet":"max-snippet:-1","max-image-preview":"max-image-preview:large","max-video-preview":"max-video-preview:-1"},"canonical":"https:\/\/elvagonbejar.com\/albergue\/index.php\/politica-de-privacidad\/","og_locale":"es_ES","og_type":"article","og_title":"Pol\u00edtica de privacidad - El Vag\u00f3n Albergue","og_description":"Pol\u00edtica de privacidad 1. Principios aplicados en el tratamiento de datos En El Vag\u00f3n B\u00e9jar Bar-Albergue, aplicamos principios alineados con el RGPD y la LOPDGDD en el tratamiento de tus datos personales: licitud, lealtad, transparencia; minimizaci\u00f3n; limitaci\u00f3n de la finalidad y del plazo de conservaci\u00f3n; exactitud; integridad y confidencialidad; y responsabilidad proactiva. 2. Responsable del [&hellip;]","og_url":"https:\/\/elvagonbejar.com\/albergue\/index.php\/politica-de-privacidad\/","og_site_name":"El Vag\u00f3n Albergue","article_modified_time":"2025-08-07T08:32:12+00:00","twitter_card":"summary_large_image","twitter_misc":{"Tiempo de lectura":"2 minutos"},"schema":{"@context":"https:\/\/schema.org","@graph":[{"@type":"WebPage","@id":"https:\/\/elvagonbejar.com\/albergue\/index.php\/politica-de-privacidad\/","url":"https:\/\/elvagonbejar.com\/albergue\/index.php\/politica-de-privacidad\/","name":"Pol\u00edtica de privacidad - El Vag\u00f3n Albergue","isPartOf":{"@id":"https:\/\/elvagonbejar.com\/albergue\/#website"},"datePublished":"2025-08-07T08:27:48+00:00","dateModified":"2025-08-07T08:32:12+00:00","breadcrumb":{"@id":"https:\/\/elvagonbejar.com\/albergue\/index.php\/politica-de-privacidad\/#breadcrumb"},"inLanguage":"es","potentialAction":[{"@type":"ReadAction","target":["https:\/\/elvagonbejar.com\/albergue\/index.php\/politica-de-privacidad\/"]}]},{"@type":"BreadcrumbList","@id":"https:\/\/elvagonbejar.com\/albergue\/index.php\/politica-de-privacidad\/#breadcrumb","itemListElement":[{"@type":"ListItem","position":1,"name":"Portada","item":"https:\/\/elvagonbejar.com\/albergue\/"},{"@type":"ListItem","position":2,"name":"Pol\u00edtica de privacidad"}]},{"@type":"WebSite","@id":"https:\/\/elvagonbejar.com\/albergue\/#website","url":"https:\/\/elvagonbejar.com\/albergue\/","name":"El Vag\u00f3n Albergue","description":"","publisher":{"@id":"https:\/\/elvagonbejar.com\/albergue\/#organization"},"potentialAction":[{"@type":"SearchAction","target":{"@type":"EntryPoint","urlTemplate":"https:\/\/elvagonbejar.com\/albergue\/?s={search_term_string}"},"query-input":{"@type":"PropertyValueSpecification","valueRequired":true,"valueName":"search_term_string"}}],"inLanguage":"es"},{"@type":"Organization","@id":"https:\/\/elvagonbejar.com\/albergue\/#organization","name":"El Vag\u00f3n Albergue","url":"https:\/\/elvagonbejar.com\/albergue\/","logo":{"@type":"ImageObject","inLanguage":"es","@id":"https:\/\/elvagonbejar.com\/albergue\/#\/schema\/logo\/image\/","url":"https:\/\/elvagonbejar.com\/albergue\/wp-content\/uploads\/2025\/06\/Logo_positivo.png","contentUrl":"https:\/\/elvagonbejar.com\/albergue\/wp-content\/uploads\/2025\/06\/Logo_positivo.png","width":412,"height":298,"caption":"El Vag\u00f3n Albergue"},"image":{"@id":"https:\/\/elvagonbejar.com\/albergue\/#\/schema\/logo\/image\/"}}]}},"_links":{"self":[{"href":"https:\/\/elvagonbejar.com\/albergue\/index.php\/wp-json\/wp\/v2\/pages\/348","targetHints":{"allow":["GET"]}}],"collection":[{"href":"https:\/\/elvagonbejar.com\/albergue\/index.php\/wp-json\/wp\/v2\/pages"}],"about":[{"href":"https:\/\/elvagonbejar.com\/albergue\/index.php\/wp-json\/wp\/v2\/types\/page"}],"author":[{"embeddable":true,"href":"https:\/\/elvagonbejar.com\/albergue\/index.php\/wp-json\/wp\/v2\/users\/1"}],"replies":[{"embeddable":true,"href":"https:\/\/elvagonbejar.com\/albergue\/index.php\/wp-json\/wp\/v2\/comments?post=348"}],"version-history":[{"count":4,"href":"https:\/\/elvagonbejar.com\/albergue\/index.php\/wp-json\/wp\/v2\/pages\/348\/revisions"}],"predecessor-version":[{"id":353,"href":"https:\/\/elvagonbejar.com\/albergue\/index.php\/wp-json\/wp\/v2\/pages\/348\/revisions\/353"}],"wp:attachment":[{"href":"https:\/\/elvagonbejar.com\/albergue\/index.php\/wp-json\/wp\/v2\/media?parent=348"}],"curies":[{"name":"wp","href":"https:\/\/api.w.org\/{rel}","templated":true}]}}